{"id":1433,"date":"2023-01-09T17:18:52","date_gmt":"2023-01-09T16:18:52","guid":{"rendered":"http:\/\/observatoiredeslabs.ricod.net\/?page_id=1433"},"modified":"2023-02-02T16:20:24","modified_gmt":"2023-02-02T15:20:24","slug":"la-demarche-design-une-demarche-federatrice-et-encapacitante","status":"publish","type":"page","link":"https:\/\/observatoiredeslabs.ricod.net\/index.php\/presentation-etatlin\/la-demarche-design-une-demarche-federatrice-et-encapacitante\/","title":{"rendered":"La d\u00e9marche design, une d\u00e9marche f\u00e9d\u00e9ratrice et encapacitante"},"content":{"rendered":"\t\t<div data-elementor-type=\"wp-page\" data-elementor-id=\"1433\" class=\"elementor elementor-1433\">\n\t\t\t\t\t\t<section class=\"elementor-section elementor-top-section elementor-element elementor-element-74111280 elementor-section-boxed elementor-section-height-default elementor-section-height-default\" data-id=\"74111280\" data-element_type=\"section\">\n\t\t\t\t\t\t<div class=\"elementor-container elementor-column-gap-default\">\n\t\t\t\t\t<div class=\"elementor-column elementor-col-100 elementor-top-column elementor-element elementor-element-23e245a1\" data-id=\"23e245a1\" data-element_type=\"column\">\n\t\t\t<div class=\"elementor-widget-wrap elementor-element-populated\">\n\t\t\t\t\t\t<div class=\"elementor-element elementor-element-6d28b4c5 elementor-widget elementor-widget-heading\" data-id=\"6d28b4c5\" data-element_type=\"widget\" data-widget_type=\"heading.default\">\n\t\t\t\t<div class=\"elementor-widget-container\">\n\t\t\t\t\t<h4 class=\"elementor-heading-title elementor-size-default\">La d\u00e9marche design, une d\u00e9marche f\u00e9d\u00e9ratrice et encapacitante<\/h4>\t\t\t\t<\/div>\n\t\t\t\t<\/div>\n\t\t\t\t<div class=\"elementor-element elementor-element-16aabe5e elementor-widget elementor-widget-spacer\" data-id=\"16aabe5e\" data-element_type=\"widget\" data-widget_type=\"spacer.default\">\n\t\t\t\t<div class=\"elementor-widget-container\">\n\t\t\t\t\t\t\t<div class=\"elementor-spacer\">\n\t\t\t<div class=\"elementor-spacer-inner\"><\/div>\n\t\t<\/div>\n\t\t\t\t\t\t<\/div>\n\t\t\t\t<\/div>\n\t\t\t\t<div class=\"elementor-element elementor-element-1a0fe0b elementor-widget elementor-widget-video\" data-id=\"1a0fe0b\" data-element_type=\"widget\" data-settings=\"{&quot;youtube_url&quot;:&quot;https:\\\/\\\/www.youtube.com\\\/watch?v=ls8guiOu41U&quot;,&quot;video_type&quot;:&quot;youtube&quot;,&quot;controls&quot;:&quot;yes&quot;}\" data-widget_type=\"video.default\">\n\t\t\t\t<div class=\"elementor-widget-container\">\n\t\t\t\t\t\t\t<div class=\"elementor-wrapper elementor-open-inline\">\n\t\t\t<div class=\"elementor-video\"><\/div>\t\t<\/div>\n\t\t\t\t\t\t<\/div>\n\t\t\t\t<\/div>\n\t\t\t\t<div class=\"elementor-element elementor-element-8efab50 elementor-widget elementor-widget-spacer\" data-id=\"8efab50\" data-element_type=\"widget\" data-widget_type=\"spacer.default\">\n\t\t\t\t<div class=\"elementor-widget-container\">\n\t\t\t\t\t\t\t<div class=\"elementor-spacer\">\n\t\t\t<div class=\"elementor-spacer-inner\"><\/div>\n\t\t<\/div>\n\t\t\t\t\t\t<\/div>\n\t\t\t\t<\/div>\n\t\t\t\t<div class=\"elementor-element elementor-element-157ea2c elementor-widget elementor-widget-text-editor\" data-id=\"157ea2c\" data-element_type=\"widget\" data-widget_type=\"text-editor.default\">\n\t\t\t\t<div class=\"elementor-widget-container\">\n\t\t\t\t\t\t\t\t\t<p><a href=\"https:\/\/www.youtube.com\/@observatoirelabs1588\" target=\"_blank\" rel=\"noopener\">Toutes nos vid\u00e9os sont disponibles sur notre cha\u00eene YouTube<\/a><\/p>\t\t\t\t\t\t\t\t<\/div>\n\t\t\t\t<\/div>\n\t\t\t\t<div class=\"elementor-element elementor-element-80d30a6 elementor-widget elementor-widget-text-editor\" data-id=\"80d30a6\" data-element_type=\"widget\" data-widget_type=\"text-editor.default\">\n\t\t\t\t<div class=\"elementor-widget-container\">\n\t\t\t\t\t\t\t\t\t<p>Interview de Marie-Pierre Durand, pr\u00e9figuratrice de la DDETS Loire Atlantique, dans le cadre du programme de recherche &#8220;Observatoire des Labs d&#8217;Innovation&#8221; (CNAM \/ Codesign-it!) : le cas du lab Etat&#8217;LIN<\/p>\t\t\t\t\t\t\t\t<\/div>\n\t\t\t\t<\/div>\n\t\t\t\t<div class=\"elementor-element elementor-element-225e9a0c elementor-widget elementor-widget-spacer\" data-id=\"225e9a0c\" data-element_type=\"widget\" data-widget_type=\"spacer.default\">\n\t\t\t\t<div class=\"elementor-widget-container\">\n\t\t\t\t\t\t\t<div class=\"elementor-spacer\">\n\t\t\t<div class=\"elementor-spacer-inner\"><\/div>\n\t\t<\/div>\n\t\t\t\t\t\t<\/div>\n\t\t\t\t<\/div>\n\t\t\t\t\t<\/div>\n\t\t<\/div>\n\t\t\t\t\t<\/div>\n\t\t<\/section>\n\t\t\t\t<\/div>\n\t\t","protected":false},"excerpt":{"rendered":"<p>La d\u00e9marche design, une d\u00e9marche f\u00e9d\u00e9ratrice et encapacitante Toutes nos vid\u00e9os sont disponibles sur notre cha\u00eene YouTube Interview de Marie-Pierre Durand, pr\u00e9figuratrice de la DDETS Loire Atlantique, dans le cadre du programme de recherche &#8220;Observatoire des Labs d&#8217;Innovation&#8221; (CNAM \/ Codesign-it!) : le cas du lab Etat&#8217;LIN<\/p>\n","protected":false},"author":5,"featured_media":0,"parent":488,"menu_order":0,"comment_status":"closed","ping_status":"closed","template":"","meta":{"colormag_page_container_layout":"no_sidebar_full_width","colormag_page_sidebar_layout":"no_sidebar","footnotes":""},"class_list":["post-1433","page","type-page","status-publish","hentry"],"_links":{"self":[{"href":"https:\/\/observatoiredeslabs.ricod.net\/index.php\/wp-json\/wp\/v2\/pages\/1433","targetHints":{"allow":["GET"]}}],"collection":[{"href":"https:\/\/observatoiredeslabs.ricod.net\/index.php\/wp-json\/wp\/v2\/pages"}],"about":[{"href":"https:\/\/observatoiredeslabs.ricod.net\/index.php\/wp-json\/wp\/v2\/types\/page"}],"author":[{"embeddable":true,"href":"https:\/\/observatoiredeslabs.ricod.net\/index.php\/wp-json\/wp\/v2\/users\/5"}],"replies":[{"embeddable":true,"href":"https:\/\/observatoiredeslabs.ricod.net\/index.php\/wp-json\/wp\/v2\/comments?post=1433"}],"version-history":[{"count":17,"href":"https:\/\/observatoiredeslabs.ricod.net\/index.php\/wp-json\/wp\/v2\/pages\/1433\/revisions"}],"predecessor-version":[{"id":1699,"href":"https:\/\/observatoiredeslabs.ricod.net\/index.php\/wp-json\/wp\/v2\/pages\/1433\/revisions\/1699"}],"up":[{"embeddable":true,"href":"https:\/\/observatoiredeslabs.ricod.net\/index.php\/wp-json\/wp\/v2\/pages\/488"}],"wp:attachment":[{"href":"https:\/\/observatoiredeslabs.ricod.net\/index.php\/wp-json\/wp\/v2\/media?parent=1433"}],"curies":[{"name":"wp","href":"https:\/\/api.w.org\/{rel}","templated":true}]}}