{"id":1490,"date":"2023-01-10T10:46:50","date_gmt":"2023-01-10T09:46:50","guid":{"rendered":"http:\/\/observatoiredeslabs.ricod.net\/?page_id=1490"},"modified":"2023-02-02T18:05:23","modified_gmt":"2023-02-02T17:05:23","slug":"design-et-rh-une-approche-complementaire-pour-co-construire","status":"publish","type":"page","link":"https:\/\/observatoiredeslabs.ricod.net\/index.php\/presentation-etatlin\/design-et-rh-une-approche-complementaire-pour-co-construire\/","title":{"rendered":"Design et RH, une approche compl\u00e9mentaire pour co-construire"},"content":{"rendered":"\t\t<div data-elementor-type=\"wp-page\" data-elementor-id=\"1490\" class=\"elementor elementor-1490\">\n\t\t\t\t\t\t<section class=\"elementor-section elementor-top-section elementor-element elementor-element-295274aa elementor-section-boxed elementor-section-height-default elementor-section-height-default\" data-id=\"295274aa\" data-element_type=\"section\">\n\t\t\t\t\t\t<div class=\"elementor-container elementor-column-gap-default\">\n\t\t\t\t\t<div class=\"elementor-column elementor-col-100 elementor-top-column elementor-element elementor-element-2d64719e\" data-id=\"2d64719e\" data-element_type=\"column\">\n\t\t\t<div class=\"elementor-widget-wrap elementor-element-populated\">\n\t\t\t\t\t\t<div class=\"elementor-element elementor-element-7066b8af elementor-widget elementor-widget-heading\" data-id=\"7066b8af\" data-element_type=\"widget\" data-widget_type=\"heading.default\">\n\t\t\t\t<div class=\"elementor-widget-container\">\n\t\t\t\t\t<h4 class=\"elementor-heading-title elementor-size-default\">DESIGN ET RH, UNE APPROCHE COMPLEMENTAIRE POUR CO-CONSTRUIRE<br><\/h4>\t\t\t\t<\/div>\n\t\t\t\t<\/div>\n\t\t\t\t<div class=\"elementor-element elementor-element-2f426394 elementor-widget elementor-widget-spacer\" data-id=\"2f426394\" data-element_type=\"widget\" data-widget_type=\"spacer.default\">\n\t\t\t\t<div class=\"elementor-widget-container\">\n\t\t\t\t\t\t\t<div class=\"elementor-spacer\">\n\t\t\t<div class=\"elementor-spacer-inner\"><\/div>\n\t\t<\/div>\n\t\t\t\t\t\t<\/div>\n\t\t\t\t<\/div>\n\t\t\t\t<div class=\"elementor-element elementor-element-73cf9b86 elementor-widget elementor-widget-video\" data-id=\"73cf9b86\" data-element_type=\"widget\" data-settings=\"{&quot;youtube_url&quot;:&quot;https:\\\/\\\/www.youtube.com\\\/watch?v=r7sRYdQppsg&quot;,&quot;video_type&quot;:&quot;youtube&quot;,&quot;controls&quot;:&quot;yes&quot;}\" data-widget_type=\"video.default\">\n\t\t\t\t<div class=\"elementor-widget-container\">\n\t\t\t\t\t\t\t<div class=\"elementor-wrapper elementor-open-inline\">\n\t\t\t<div class=\"elementor-video\"><\/div>\t\t<\/div>\n\t\t\t\t\t\t<\/div>\n\t\t\t\t<\/div>\n\t\t\t\t<div class=\"elementor-element elementor-element-f5aaf20 elementor-widget elementor-widget-spacer\" data-id=\"f5aaf20\" data-element_type=\"widget\" data-widget_type=\"spacer.default\">\n\t\t\t\t<div class=\"elementor-widget-container\">\n\t\t\t\t\t\t\t<div class=\"elementor-spacer\">\n\t\t\t<div class=\"elementor-spacer-inner\"><\/div>\n\t\t<\/div>\n\t\t\t\t\t\t<\/div>\n\t\t\t\t<\/div>\n\t\t\t\t<div class=\"elementor-element elementor-element-199070d elementor-widget elementor-widget-text-editor\" data-id=\"199070d\" data-element_type=\"widget\" data-widget_type=\"text-editor.default\">\n\t\t\t\t<div class=\"elementor-widget-container\">\n\t\t\t\t\t\t\t\t\t<p><a href=\"https:\/\/www.youtube.com\/@observatoirelabs1588\" target=\"_blank\" rel=\"noopener\">Toutes nos vid\u00e9os sont disponibles sur notre cha\u00eene YouTube<\/a><\/p>\t\t\t\t\t\t\t\t<\/div>\n\t\t\t\t<\/div>\n\t\t\t\t<div class=\"elementor-element elementor-element-5af7de9 elementor-widget elementor-widget-text-editor\" data-id=\"5af7de9\" data-element_type=\"widget\" data-widget_type=\"text-editor.default\">\n\t\t\t\t<div class=\"elementor-widget-container\">\n\t\t\t\t\t\t\t\t\t<p>Interview de Karine Amiot, conseill\u00e8re formation &#8211; charg\u00e9e de projets interminist\u00e9riels RH PFRH, et Sofia Martinez, designer, dans le cadre du programme de recherche \u00ab Observatoire des Labs d\u2019Innovation \u00bb (CNAM \/ Codesign-it!) :\u00a0 le cas du Lab Etat\u2019LIN<\/p>\t\t\t\t\t\t\t\t<\/div>\n\t\t\t\t<\/div>\n\t\t\t\t<div class=\"elementor-element elementor-element-350a4666 elementor-widget elementor-widget-spacer\" data-id=\"350a4666\" data-element_type=\"widget\" data-widget_type=\"spacer.default\">\n\t\t\t\t<div class=\"elementor-widget-container\">\n\t\t\t\t\t\t\t<div class=\"elementor-spacer\">\n\t\t\t<div class=\"elementor-spacer-inner\"><\/div>\n\t\t<\/div>\n\t\t\t\t\t\t<\/div>\n\t\t\t\t<\/div>\n\t\t\t\t\t<\/div>\n\t\t<\/div>\n\t\t\t\t\t<\/div>\n\t\t<\/section>\n\t\t\t\t<\/div>\n\t\t","protected":false},"excerpt":{"rendered":"<p>DESIGN ET RH, UNE APPROCHE COMPLEMENTAIRE POUR CO-CONSTRUIRE Toutes nos vid\u00e9os sont disponibles sur notre cha\u00eene YouTube Interview de Karine Amiot, conseill\u00e8re formation &#8211; charg\u00e9e de projets interminist\u00e9riels RH PFRH, et Sofia Martinez, designer, dans le cadre du programme de recherche \u00ab Observatoire des Labs d\u2019Innovation \u00bb (CNAM \/ Codesign-it!) :\u00a0 le cas du Lab Etat\u2019LIN<\/p>\n","protected":false},"author":5,"featured_media":0,"parent":488,"menu_order":0,"comment_status":"closed","ping_status":"closed","template":"","meta":{"colormag_page_container_layout":"no_sidebar_full_width","colormag_page_sidebar_layout":"no_sidebar","footnotes":""},"class_list":["post-1490","page","type-page","status-publish","hentry"],"_links":{"self":[{"href":"https:\/\/observatoiredeslabs.ricod.net\/index.php\/wp-json\/wp\/v2\/pages\/1490","targetHints":{"allow":["GET"]}}],"collection":[{"href":"https:\/\/observatoiredeslabs.ricod.net\/index.php\/wp-json\/wp\/v2\/pages"}],"about":[{"href":"https:\/\/observatoiredeslabs.ricod.net\/index.php\/wp-json\/wp\/v2\/types\/page"}],"author":[{"embeddable":true,"href":"https:\/\/observatoiredeslabs.ricod.net\/index.php\/wp-json\/wp\/v2\/users\/5"}],"replies":[{"embeddable":true,"href":"https:\/\/observatoiredeslabs.ricod.net\/index.php\/wp-json\/wp\/v2\/comments?post=1490"}],"version-history":[{"count":22,"href":"https:\/\/observatoiredeslabs.ricod.net\/index.php\/wp-json\/wp\/v2\/pages\/1490\/revisions"}],"predecessor-version":[{"id":1732,"href":"https:\/\/observatoiredeslabs.ricod.net\/index.php\/wp-json\/wp\/v2\/pages\/1490\/revisions\/1732"}],"up":[{"embeddable":true,"href":"https:\/\/observatoiredeslabs.ricod.net\/index.php\/wp-json\/wp\/v2\/pages\/488"}],"wp:attachment":[{"href":"https:\/\/observatoiredeslabs.ricod.net\/index.php\/wp-json\/wp\/v2\/media?parent=1490"}],"curies":[{"name":"wp","href":"https:\/\/api.w.org\/{rel}","templated":true}]}}