{"id":1515,"date":"2023-01-10T10:57:59","date_gmt":"2023-01-10T09:57:59","guid":{"rendered":"http:\/\/observatoiredeslabs.ricod.net\/?page_id=1515"},"modified":"2023-04-23T16:12:59","modified_gmt":"2023-04-23T14:12:59","slug":"le-podcast-reflexif-du-lab-dinnovation-publique-etatlin","status":"publish","type":"page","link":"https:\/\/observatoiredeslabs.ricod.net\/index.php\/presentation-etatlin\/le-podcast-reflexif-du-lab-dinnovation-publique-etatlin\/","title":{"rendered":"Le podcast r\u00e9flexif du Lab d\u2019innovation publique Etat\u2019LIN"},"content":{"rendered":"\t\t<div data-elementor-type=\"wp-page\" data-elementor-id=\"1515\" class=\"elementor elementor-1515\">\n\t\t\t\t\t\t<section class=\"elementor-section elementor-top-section elementor-element elementor-element-134385b elementor-section-boxed elementor-section-height-default elementor-section-height-default\" data-id=\"134385b\" data-element_type=\"section\">\n\t\t\t\t\t\t<div class=\"elementor-container elementor-column-gap-default\">\n\t\t\t\t\t<div class=\"elementor-column elementor-col-100 elementor-top-column elementor-element elementor-element-6b5f4596\" data-id=\"6b5f4596\" data-element_type=\"column\">\n\t\t\t<div class=\"elementor-widget-wrap elementor-element-populated\">\n\t\t\t\t\t\t<div class=\"elementor-element elementor-element-39dbf889 elementor-widget elementor-widget-heading\" data-id=\"39dbf889\" data-element_type=\"widget\" data-widget_type=\"heading.default\">\n\t\t\t\t<div class=\"elementor-widget-container\">\n\t\t\t\t\t<h4 class=\"elementor-heading-title elementor-size-default\">Le podcast r\u00e9flexif du Lab d'innovation publique Etat'LIN<\/h4>\t\t\t\t<\/div>\n\t\t\t\t<\/div>\n\t\t\t\t\t<\/div>\n\t\t<\/div>\n\t\t\t\t\t<\/div>\n\t\t<\/section>\n\t\t\t\t<section class=\"elementor-section elementor-top-section elementor-element elementor-element-c78faa1 elementor-section-boxed elementor-section-height-default elementor-section-height-default\" data-id=\"c78faa1\" data-element_type=\"section\">\n\t\t\t\t\t\t<div class=\"elementor-container elementor-column-gap-default\">\n\t\t\t\t\t<div class=\"elementor-column elementor-col-66 elementor-top-column elementor-element elementor-element-0cf59c1\" data-id=\"0cf59c1\" data-element_type=\"column\">\n\t\t\t<div class=\"elementor-widget-wrap elementor-element-populated\">\n\t\t\t\t\t\t<div class=\"elementor-element elementor-element-50aaf77 elementor-widget elementor-widget-video\" data-id=\"50aaf77\" data-element_type=\"widget\" data-settings=\"{&quot;youtube_url&quot;:&quot;https:\\\/\\\/www.youtube.com\\\/watch?v=YbZ7Kb-0Lmw&amp;feature=youtu.be&quot;,&quot;video_type&quot;:&quot;youtube&quot;,&quot;controls&quot;:&quot;yes&quot;}\" data-widget_type=\"video.default\">\n\t\t\t\t<div class=\"elementor-widget-container\">\n\t\t\t\t\t\t\t<div class=\"elementor-wrapper elementor-open-inline\">\n\t\t\t<div class=\"elementor-video\"><\/div>\t\t<\/div>\n\t\t\t\t\t\t<\/div>\n\t\t\t\t<\/div>\n\t\t\t\t<section class=\"elementor-section elementor-inner-section elementor-element elementor-element-cdbbe74 elementor-section-boxed elementor-section-height-default elementor-section-height-default\" data-id=\"cdbbe74\" data-element_type=\"section\">\n\t\t\t\t\t\t<div class=\"elementor-container elementor-column-gap-default\">\n\t\t\t\t\t<div class=\"elementor-column elementor-col-100 elementor-inner-column elementor-element elementor-element-13f2aff\" data-id=\"13f2aff\" data-element_type=\"column\">\n\t\t\t<div class=\"elementor-widget-wrap elementor-element-populated\">\n\t\t\t\t\t\t<div class=\"elementor-element elementor-element-a1dcad8 elementor-align-left elementor-widget elementor-widget-button\" data-id=\"a1dcad8\" data-element_type=\"widget\" data-widget_type=\"button.default\">\n\t\t\t\t<div class=\"elementor-widget-container\">\n\t\t\t\t\t\t\t\t\t<div class=\"elementor-button-wrapper\">\n\t\t\t\t\t<a class=\"elementor-button elementor-button-link elementor-size-sm\" href=\"https:\/\/podcasts.apple.com\/us\/podcast\/observatoire-des-labs-le-lab-etatlin\/id1669880783\">\n\t\t\t\t\t\t<span class=\"elementor-button-content-wrapper\">\n\t\t\t\t\t\t\t\t\t<span class=\"elementor-button-text\">Aussi sur Apple Podcasts<\/span>\n\t\t\t\t\t<\/span>\n\t\t\t\t\t<\/a>\n\t\t\t\t<\/div>\n\t\t\t\t\t\t\t\t<\/div>\n\t\t\t\t<\/div>\n\t\t\t\t\t<\/div>\n\t\t<\/div>\n\t\t\t\t\t<\/div>\n\t\t<\/section>\n\t\t\t\t\t<\/div>\n\t\t<\/div>\n\t\t\t\t<div class=\"elementor-column elementor-col-33 elementor-top-column elementor-element elementor-element-77df8ee\" data-id=\"77df8ee\" data-element_type=\"column\">\n\t\t\t<div class=\"elementor-widget-wrap\">\n\t\t\t\t\t\t\t<\/div>\n\t\t<\/div>\n\t\t\t\t\t<\/div>\n\t\t<\/section>\n\t\t\t\t<section class=\"elementor-section elementor-top-section elementor-element elementor-element-fdd7da3 elementor-section-boxed elementor-section-height-default elementor-section-height-default\" data-id=\"fdd7da3\" data-element_type=\"section\">\n\t\t\t\t\t\t<div class=\"elementor-container elementor-column-gap-default\">\n\t\t\t\t\t<div class=\"elementor-column elementor-col-100 elementor-top-column elementor-element elementor-element-13ae585\" data-id=\"13ae585\" data-element_type=\"column\">\n\t\t\t<div class=\"elementor-widget-wrap elementor-element-populated\">\n\t\t\t\t\t\t<div class=\"elementor-element elementor-element-ce24b89 elementor-widget elementor-widget-text-editor\" data-id=\"ce24b89\" data-element_type=\"widget\" data-widget_type=\"text-editor.default\">\n\t\t\t\t<div class=\"elementor-widget-container\">\n\t\t\t\t\t\t\t\t\t<p>Le podcast du laboratoire\u00a0 Etat\u2019LIN a \u00e9t\u00e9 enregistr\u00e9 \u00e0 Paris, en juillet 2022.<\/p><p>Intervenant.e.s :<\/p><p><strong><em>Manuel Zacklad,<\/em><\/strong> chercheur et directeur du DICEN-IDF au CNAM<\/p><p><em><strong>Catherine Foliot,<\/strong><\/em> codesigner et membre de Codesing-it!<\/p><p><em><strong>Anne-Laure Guillerme,<\/strong><\/em> responsable du lab Etat\u2019LIN<br \/><em><strong><br \/>Meidhi Vermeulen<\/strong>,<\/em>\u00a0pr\u00e9figurateur du d\u00e9partement de la Vend\u00e9e<br \/><em><strong><br \/>Martine Sapin,<\/strong><\/em>\u00a0agente qui a particip\u00e9 \u00e0 la d\u00e9marche design\u00a0<br \/><em><strong><br \/>Maureen Lo\u00efs,<\/strong>\u00a0<\/em>designeuse et cofondatrice de &amp;si<\/p><p>R\u00e9alisation : <strong>Fanny de Font-R\u00e9aulx.<\/strong><\/p>\t\t\t\t\t\t\t\t<\/div>\n\t\t\t\t<\/div>\n\t\t\t\t\t<\/div>\n\t\t<\/div>\n\t\t\t\t\t<\/div>\n\t\t<\/section>\n\t\t\t\t<\/div>\n\t\t","protected":false},"excerpt":{"rendered":"<p>Le podcast r\u00e9flexif du Lab d&#8217;innovation publique Etat&#8217;LIN Aussi sur Apple Podcasts Le podcast du laboratoire\u00a0 Etat\u2019LIN a \u00e9t\u00e9 enregistr\u00e9 \u00e0 Paris, en juillet 2022. Intervenant.e.s : Manuel Zacklad, chercheur et directeur du DICEN-IDF au CNAM Catherine Foliot, codesigner et membre de Codesing-it! Anne-Laure Guillerme, responsable du lab Etat\u2019LINMeidhi Vermeulen,\u00a0pr\u00e9figurateur du d\u00e9partement de la Vend\u00e9eMartine Sapin,\u00a0agente qui a particip\u00e9 \u00e0 la d\u00e9marche design\u00a0Maureen Lo\u00efs,\u00a0designeuse et cofondatrice de &amp;si R\u00e9alisation :&#8230;<\/p>\n","protected":false},"author":5,"featured_media":0,"parent":488,"menu_order":0,"comment_status":"closed","ping_status":"closed","template":"","meta":{"colormag_page_container_layout":"no_sidebar_full_width","colormag_page_sidebar_layout":"no_sidebar","footnotes":""},"class_list":["post-1515","page","type-page","status-publish","hentry"],"_links":{"self":[{"href":"https:\/\/observatoiredeslabs.ricod.net\/index.php\/wp-json\/wp\/v2\/pages\/1515","targetHints":{"allow":["GET"]}}],"collection":[{"href":"https:\/\/observatoiredeslabs.ricod.net\/index.php\/wp-json\/wp\/v2\/pages"}],"about":[{"href":"https:\/\/observatoiredeslabs.ricod.net\/index.php\/wp-json\/wp\/v2\/types\/page"}],"author":[{"embeddable":true,"href":"https:\/\/observatoiredeslabs.ricod.net\/index.php\/wp-json\/wp\/v2\/users\/5"}],"replies":[{"embeddable":true,"href":"https:\/\/observatoiredeslabs.ricod.net\/index.php\/wp-json\/wp\/v2\/comments?post=1515"}],"version-history":[{"count":52,"href":"https:\/\/observatoiredeslabs.ricod.net\/index.php\/wp-json\/wp\/v2\/pages\/1515\/revisions"}],"predecessor-version":[{"id":3084,"href":"https:\/\/observatoiredeslabs.ricod.net\/index.php\/wp-json\/wp\/v2\/pages\/1515\/revisions\/3084"}],"up":[{"embeddable":true,"href":"https:\/\/observatoiredeslabs.ricod.net\/index.php\/wp-json\/wp\/v2\/pages\/488"}],"wp:attachment":[{"href":"https:\/\/observatoiredeslabs.ricod.net\/index.php\/wp-json\/wp\/v2\/media?parent=1515"}],"curies":[{"name":"wp","href":"https:\/\/api.w.org\/{rel}","templated":true}]}}