{"id":1813,"date":"2023-02-21T09:46:56","date_gmt":"2023-02-21T08:46:56","guid":{"rendered":"https:\/\/observatoiredeslabs.ricod.net\/?page_id=1813"},"modified":"2023-07-03T19:01:01","modified_gmt":"2023-07-03T17:01:01","slug":"carlab-podcast","status":"publish","type":"page","link":"https:\/\/observatoiredeslabs.ricod.net\/index.php\/carlab-podcast\/","title":{"rendered":"CARLAB Podcast"},"content":{"rendered":"\t\t<div data-elementor-type=\"wp-page\" data-elementor-id=\"1813\" class=\"elementor elementor-1813\">\n\t\t\t\t\t\t<section class=\"elementor-section elementor-top-section elementor-element elementor-element-7262aa3b elementor-section-boxed elementor-section-height-default elementor-section-height-default\" data-id=\"7262aa3b\" data-element_type=\"section\">\n\t\t\t\t\t\t<div class=\"elementor-container elementor-column-gap-default\">\n\t\t\t\t\t<div class=\"elementor-column elementor-col-100 elementor-top-column elementor-element elementor-element-33ce92dc\" data-id=\"33ce92dc\" data-element_type=\"column\">\n\t\t\t<div class=\"elementor-widget-wrap elementor-element-populated\">\n\t\t\t\t\t\t<div class=\"elementor-element elementor-element-443c0953 elementor-widget elementor-widget-heading\" data-id=\"443c0953\" data-element_type=\"widget\" data-widget_type=\"heading.default\">\n\t\t\t\t<div class=\"elementor-widget-container\">\n\t\t\t\t\t<h4 class=\"elementor-heading-title elementor-size-default\">Le podcast r\u00e9flexif du Carlab de valeo<\/h4>\t\t\t\t<\/div>\n\t\t\t\t<\/div>\n\t\t\t\t\t<\/div>\n\t\t<\/div>\n\t\t\t\t\t<\/div>\n\t\t<\/section>\n\t\t\t\t<section class=\"elementor-section elementor-top-section elementor-element elementor-element-f2f4fc0 elementor-section-boxed elementor-section-height-default elementor-section-height-default\" data-id=\"f2f4fc0\" data-element_type=\"section\">\n\t\t\t\t\t\t<div class=\"elementor-container elementor-column-gap-default\">\n\t\t\t\t\t<div class=\"elementor-column elementor-col-100 elementor-top-column elementor-element elementor-element-90a87da\" data-id=\"90a87da\" data-element_type=\"column\">\n\t\t\t<div class=\"elementor-widget-wrap elementor-element-populated\">\n\t\t\t\t\t\t<div class=\"elementor-element elementor-element-ac7e16e elementor-widget elementor-widget-text-editor\" data-id=\"ac7e16e\" data-element_type=\"widget\" data-widget_type=\"text-editor.default\">\n\t\t\t\t<div class=\"elementor-widget-container\">\n\t\t\t\t\t\t\t\t\t<p><strong>LA VERSION AUDIO<\/strong><\/p>\t\t\t\t\t\t\t\t<\/div>\n\t\t\t\t<\/div>\n\t\t\t\t\t<\/div>\n\t\t<\/div>\n\t\t\t\t\t<\/div>\n\t\t<\/section>\n\t\t\t\t<section class=\"elementor-section elementor-top-section elementor-element elementor-element-16a41eb elementor-section-boxed elementor-section-height-default elementor-section-height-default\" data-id=\"16a41eb\" data-element_type=\"section\">\n\t\t\t\t\t\t<div class=\"elementor-container elementor-column-gap-default\">\n\t\t\t\t\t<div class=\"elementor-column elementor-col-50 elementor-top-column elementor-element elementor-element-cfc06f0\" data-id=\"cfc06f0\" data-element_type=\"column\">\n\t\t\t<div class=\"elementor-widget-wrap elementor-element-populated\">\n\t\t\t\t\t\t<div class=\"elementor-element elementor-element-95eefa0 elementor-widget elementor-widget-video\" data-id=\"95eefa0\" data-element_type=\"widget\" data-settings=\"{&quot;youtube_url&quot;:&quot;https:\\\/\\\/www.youtube.com\\\/watch?v=3EA9pDiDS1E&amp;list=PLUYDesk64gxE5-IMuoxa9EJN9ZUcMIc6F&quot;,&quot;video_type&quot;:&quot;youtube&quot;,&quot;controls&quot;:&quot;yes&quot;}\" data-widget_type=\"video.default\">\n\t\t\t\t<div class=\"elementor-widget-container\">\n\t\t\t\t\t\t\t<div class=\"elementor-wrapper elementor-open-inline\">\n\t\t\t<div class=\"elementor-video\"><\/div>\t\t<\/div>\n\t\t\t\t\t\t<\/div>\n\t\t\t\t<\/div>\n\t\t\t\t<div class=\"elementor-element elementor-element-9290e67 elementor-align-left elementor-widget elementor-widget-button\" data-id=\"9290e67\" data-element_type=\"widget\" data-widget_type=\"button.default\">\n\t\t\t\t<div class=\"elementor-widget-container\">\n\t\t\t\t\t\t\t\t\t<div class=\"elementor-button-wrapper\">\n\t\t\t\t\t<a class=\"elementor-button elementor-button-link elementor-size-sm\" href=\"#\">\n\t\t\t\t\t\t<span class=\"elementor-button-content-wrapper\">\n\t\t\t\t\t\t\t\t\t<span class=\"elementor-button-text\">Bient\u00f4t sur Appel Podcasts<\/span>\n\t\t\t\t\t<\/span>\n\t\t\t\t\t<\/a>\n\t\t\t\t<\/div>\n\t\t\t\t\t\t\t\t<\/div>\n\t\t\t\t<\/div>\n\t\t\t\t\t<\/div>\n\t\t<\/div>\n\t\t\t\t<div class=\"elementor-column elementor-col-50 elementor-top-column elementor-element elementor-element-7b23e78\" data-id=\"7b23e78\" data-element_type=\"column\">\n\t\t\t<div class=\"elementor-widget-wrap\">\n\t\t\t\t\t\t\t<\/div>\n\t\t<\/div>\n\t\t\t\t\t<\/div>\n\t\t<\/section>\n\t\t\t\t<section class=\"elementor-section elementor-top-section elementor-element elementor-element-9e1ffcf elementor-section-boxed elementor-section-height-default elementor-section-height-default\" data-id=\"9e1ffcf\" data-element_type=\"section\">\n\t\t\t\t\t\t<div class=\"elementor-container elementor-column-gap-default\">\n\t\t\t\t\t<div class=\"elementor-column elementor-col-100 elementor-top-column elementor-element elementor-element-d9321ba\" data-id=\"d9321ba\" data-element_type=\"column\">\n\t\t\t<div class=\"elementor-widget-wrap elementor-element-populated\">\n\t\t\t\t\t\t<div class=\"elementor-element elementor-element-90509b9 elementor-widget elementor-widget-text-editor\" data-id=\"90509b9\" data-element_type=\"widget\" data-widget_type=\"text-editor.default\">\n\t\t\t\t<div class=\"elementor-widget-container\">\n\t\t\t\t\t\t\t\t\t<p>Le podcast du Carlab de Valeo a \u00e9t\u00e9 enregistr\u00e9 \u00e0 Paris, en mai 2022.<\/p><p>Intervenant.e.s :<\/p><p><strong><i>Manuel Zacklad<\/i><\/strong>, chercheur et directeur du DICEN-IDF au CNAM,<\/p><p><i><strong>Catherine Foliot<\/strong>,<\/i> codesigner et membre de Codesing-it!,<\/p><p><i><strong>Victor Dekyv\u00e8re<\/strong>,<\/i> journaliste,<\/p><p><i><strong>Christopher Griz<\/strong>,<\/i> responsable du CARLAB de Cergy<\/p><p><i><strong>Mariam Ahmed<\/strong>, <\/i>porteuse du projet \u201cThink Twice before you click\u201d.<\/p><p>\u00a0<\/p><p>R\u00e9alisation : <strong>Fanny de Font-R\u00e9aulx.<\/strong><\/p>\t\t\t\t\t\t\t\t<\/div>\n\t\t\t\t<\/div>\n\t\t\t\t\t<\/div>\n\t\t<\/div>\n\t\t\t\t\t<\/div>\n\t\t<\/section>\n\t\t\t\t<\/div>\n\t\t","protected":false},"excerpt":{"rendered":"<p>Le podcast r\u00e9flexif du Carlab de valeo LA VERSION AUDIO Bient\u00f4t sur Appel Podcasts Le podcast du Carlab de Valeo a \u00e9t\u00e9 enregistr\u00e9 \u00e0 Paris, en mai 2022. Intervenant.e.s : Manuel Zacklad, chercheur et directeur du DICEN-IDF au CNAM, Catherine Foliot, codesigner et membre de Codesing-it!, Victor Dekyv\u00e8re, journaliste, Christopher Griz, responsable du CARLAB de Cergy Mariam Ahmed, porteuse du projet \u201cThink Twice before you click\u201d. R\u00e9alisation : Fanny de&#8230;<\/p>\n","protected":false},"author":5,"featured_media":0,"parent":0,"menu_order":0,"comment_status":"closed","ping_status":"closed","template":"elementor_header_footer","meta":{"colormag_page_container_layout":"no_sidebar_full_width","colormag_page_sidebar_layout":"no_sidebar","footnotes":""},"class_list":["post-1813","page","type-page","status-publish","hentry"],"_links":{"self":[{"href":"https:\/\/observatoiredeslabs.ricod.net\/index.php\/wp-json\/wp\/v2\/pages\/1813","targetHints":{"allow":["GET"]}}],"collection":[{"href":"https:\/\/observatoiredeslabs.ricod.net\/index.php\/wp-json\/wp\/v2\/pages"}],"about":[{"href":"https:\/\/observatoiredeslabs.ricod.net\/index.php\/wp-json\/wp\/v2\/types\/page"}],"author":[{"embeddable":true,"href":"https:\/\/observatoiredeslabs.ricod.net\/index.php\/wp-json\/wp\/v2\/users\/5"}],"replies":[{"embeddable":true,"href":"https:\/\/observatoiredeslabs.ricod.net\/index.php\/wp-json\/wp\/v2\/comments?post=1813"}],"version-history":[{"count":26,"href":"https:\/\/observatoiredeslabs.ricod.net\/index.php\/wp-json\/wp\/v2\/pages\/1813\/revisions"}],"predecessor-version":[{"id":3628,"href":"https:\/\/observatoiredeslabs.ricod.net\/index.php\/wp-json\/wp\/v2\/pages\/1813\/revisions\/3628"}],"wp:attachment":[{"href":"https:\/\/observatoiredeslabs.ricod.net\/index.php\/wp-json\/wp\/v2\/media?parent=1813"}],"curies":[{"name":"wp","href":"https:\/\/api.w.org\/{rel}","templated":true}]}}