{"id":1921,"date":"2023-02-21T17:58:50","date_gmt":"2023-02-21T16:58:50","guid":{"rendered":"https:\/\/observatoiredeslabs.ricod.net\/?page_id=1921"},"modified":"2023-02-21T18:08:02","modified_gmt":"2023-02-21T17:08:02","slug":"le-lab-de-lintelligence-collective-pour-decider-des-experimentations","status":"publish","type":"page","link":"https:\/\/observatoiredeslabs.ricod.net\/index.php\/presentation-carlab\/le-lab-de-lintelligence-collective-pour-decider-des-experimentations\/","title":{"rendered":"Le lab, de l\u2019intelligence collective pour d\u00e9cider des exp\u00e9rimentations"},"content":{"rendered":"\t\t<div data-elementor-type=\"wp-page\" data-elementor-id=\"1921\" class=\"elementor elementor-1921\">\n\t\t\t\t\t\t<section class=\"elementor-section elementor-top-section elementor-element elementor-element-51bc0b61 elementor-section-boxed elementor-section-height-default elementor-section-height-default\" data-id=\"51bc0b61\" data-element_type=\"section\">\n\t\t\t\t\t\t<div class=\"elementor-container elementor-column-gap-default\">\n\t\t\t\t\t<div class=\"elementor-column elementor-col-100 elementor-top-column elementor-element elementor-element-68cb36da\" data-id=\"68cb36da\" data-element_type=\"column\">\n\t\t\t<div class=\"elementor-widget-wrap elementor-element-populated\">\n\t\t\t\t\t\t<div class=\"elementor-element elementor-element-74924dc6 elementor-widget elementor-widget-heading\" data-id=\"74924dc6\" data-element_type=\"widget\" data-widget_type=\"heading.default\">\n\t\t\t\t<div class=\"elementor-widget-container\">\n\t\t\t\t\t<h4 class=\"elementor-heading-title elementor-size-default\">Le lab, de l\u2019intelligence collective pour d\u00e9cider des exp\u00e9rimentations<\/h4>\t\t\t\t<\/div>\n\t\t\t\t<\/div>\n\t\t\t\t\t<\/div>\n\t\t<\/div>\n\t\t\t\t\t<\/div>\n\t\t<\/section>\n\t\t\t\t<section class=\"elementor-section elementor-top-section elementor-element elementor-element-cd511ff elementor-section-boxed elementor-section-height-default elementor-section-height-default\" data-id=\"cd511ff\" data-element_type=\"section\">\n\t\t\t\t\t\t<div class=\"elementor-container elementor-column-gap-default\">\n\t\t\t\t\t<div class=\"elementor-column elementor-col-100 elementor-top-column elementor-element elementor-element-b0e8841\" data-id=\"b0e8841\" data-element_type=\"column\">\n\t\t\t<div class=\"elementor-widget-wrap elementor-element-populated\">\n\t\t\t\t\t\t<div class=\"elementor-element elementor-element-e3138d8 elementor-widget elementor-widget-video\" data-id=\"e3138d8\" data-element_type=\"widget\" data-settings=\"{&quot;youtube_url&quot;:&quot;https:\\\/\\\/www.youtube.com\\\/watch?v=05JkQ7t3I4M&amp;t=8s&quot;,&quot;video_type&quot;:&quot;youtube&quot;,&quot;controls&quot;:&quot;yes&quot;}\" data-widget_type=\"video.default\">\n\t\t\t\t<div class=\"elementor-widget-container\">\n\t\t\t\t\t\t\t<div class=\"elementor-wrapper elementor-open-inline\">\n\t\t\t<div class=\"elementor-video\"><\/div>\t\t<\/div>\n\t\t\t\t\t\t<\/div>\n\t\t\t\t<\/div>\n\t\t\t\t\t<\/div>\n\t\t<\/div>\n\t\t\t\t\t<\/div>\n\t\t<\/section>\n\t\t\t\t<section class=\"elementor-section elementor-top-section elementor-element elementor-element-ead03f3 elementor-section-boxed elementor-section-height-default elementor-section-height-default\" data-id=\"ead03f3\" data-element_type=\"section\">\n\t\t\t\t\t\t<div class=\"elementor-container elementor-column-gap-default\">\n\t\t\t\t\t<div class=\"elementor-column elementor-col-100 elementor-top-column elementor-element elementor-element-4f16788\" data-id=\"4f16788\" data-element_type=\"column\">\n\t\t\t<div class=\"elementor-widget-wrap elementor-element-populated\">\n\t\t\t\t\t\t<div class=\"elementor-element elementor-element-6df957d elementor-widget elementor-widget-text-editor\" data-id=\"6df957d\" data-element_type=\"widget\" data-widget_type=\"text-editor.default\">\n\t\t\t\t<div class=\"elementor-widget-container\">\n\t\t\t\t\t\t\t\t\t<p><a href=\"https:\/\/www.youtube.com\/@observatoirelabs1588\" target=\"_blank\" rel=\"noopener\">Toutes les vid\u00e9os sont disponibles sur notre cha\u00eene YouTube<\/a><\/p>\t\t\t\t\t\t\t\t<\/div>\n\t\t\t\t<\/div>\n\t\t\t\t<div class=\"elementor-element elementor-element-08625a3 elementor-widget elementor-widget-text-editor\" data-id=\"08625a3\" data-element_type=\"widget\" data-widget_type=\"text-editor.default\">\n\t\t\t\t<div class=\"elementor-widget-container\">\n\t\t\t\t\t\t\t\t\t<p>Interview de Jean-Fran\u00e7ois Giroux, Directeur R&amp;D de la Neutralit\u00e9 Carbone, dans le cadre du programme de recherche \u00ab Observatoire des Labs d\u2019Innovation \u00bb (CNAM \/ Codesign-it!) : le cas du Carlab de Valeo<\/p>\t\t\t\t\t\t\t\t<\/div>\n\t\t\t\t<\/div>\n\t\t\t\t\t<\/div>\n\t\t<\/div>\n\t\t\t\t\t<\/div>\n\t\t<\/section>\n\t\t\t\t<\/div>\n\t\t","protected":false},"excerpt":{"rendered":"<p>Le lab, de l\u2019intelligence collective pour d\u00e9cider des exp\u00e9rimentations https:\/\/www.youtube.com\/watch?v=05JkQ7t3I4M&#038;t=8s Toutes les vid\u00e9os sont disponibles sur notre cha\u00eene YouTube Interview de Jean-Fran\u00e7ois Giroux, Directeur R&amp;D de la Neutralit\u00e9 Carbone, dans le cadre du programme de recherche \u00ab Observatoire des Labs d\u2019Innovation \u00bb (CNAM \/ Codesign-it!) : le cas du Carlab de Valeo<\/p>\n","protected":false},"author":5,"featured_media":0,"parent":494,"menu_order":0,"comment_status":"closed","ping_status":"closed","template":"","meta":{"colormag_page_container_layout":"no_sidebar_full_width","colormag_page_sidebar_layout":"no_sidebar","footnotes":""},"class_list":["post-1921","page","type-page","status-publish","hentry"],"_links":{"self":[{"href":"https:\/\/observatoiredeslabs.ricod.net\/index.php\/wp-json\/wp\/v2\/pages\/1921","targetHints":{"allow":["GET"]}}],"collection":[{"href":"https:\/\/observatoiredeslabs.ricod.net\/index.php\/wp-json\/wp\/v2\/pages"}],"about":[{"href":"https:\/\/observatoiredeslabs.ricod.net\/index.php\/wp-json\/wp\/v2\/types\/page"}],"author":[{"embeddable":true,"href":"https:\/\/observatoiredeslabs.ricod.net\/index.php\/wp-json\/wp\/v2\/users\/5"}],"replies":[{"embeddable":true,"href":"https:\/\/observatoiredeslabs.ricod.net\/index.php\/wp-json\/wp\/v2\/comments?post=1921"}],"version-history":[{"count":7,"href":"https:\/\/observatoiredeslabs.ricod.net\/index.php\/wp-json\/wp\/v2\/pages\/1921\/revisions"}],"predecessor-version":[{"id":1955,"href":"https:\/\/observatoiredeslabs.ricod.net\/index.php\/wp-json\/wp\/v2\/pages\/1921\/revisions\/1955"}],"up":[{"embeddable":true,"href":"https:\/\/observatoiredeslabs.ricod.net\/index.php\/wp-json\/wp\/v2\/pages\/494"}],"wp:attachment":[{"href":"https:\/\/observatoiredeslabs.ricod.net\/index.php\/wp-json\/wp\/v2\/media?parent=1921"}],"curies":[{"name":"wp","href":"https:\/\/api.w.org\/{rel}","templated":true}]}}