{"id":1926,"date":"2023-02-21T18:00:39","date_gmt":"2023-02-21T17:00:39","guid":{"rendered":"https:\/\/observatoiredeslabs.ricod.net\/?page_id=1926"},"modified":"2023-02-21T18:06:07","modified_gmt":"2023-02-21T17:06:07","slug":"le-lab-pour-trouver-des-solutions-a-des-problematiques-complexes-grace-a-la-facilitation","status":"publish","type":"page","link":"https:\/\/observatoiredeslabs.ricod.net\/index.php\/presentation-carlab\/le-lab-pour-trouver-des-solutions-a-des-problematiques-complexes-grace-a-la-facilitation\/","title":{"rendered":"Le lab pour trouver des solutions \u00e0 des probl\u00e9matiques complexes, gr\u00e2ce \u00e0 la facilitation"},"content":{"rendered":"\t\t<div data-elementor-type=\"wp-page\" data-elementor-id=\"1926\" class=\"elementor elementor-1926\">\n\t\t\t\t\t\t<section class=\"elementor-section elementor-top-section elementor-element elementor-element-4d696c9a elementor-section-boxed elementor-section-height-default elementor-section-height-default\" data-id=\"4d696c9a\" data-element_type=\"section\">\n\t\t\t\t\t\t<div class=\"elementor-container elementor-column-gap-default\">\n\t\t\t\t\t<div class=\"elementor-column elementor-col-100 elementor-top-column elementor-element elementor-element-e7dab35\" data-id=\"e7dab35\" data-element_type=\"column\">\n\t\t\t<div class=\"elementor-widget-wrap elementor-element-populated\">\n\t\t\t\t\t\t<div class=\"elementor-element elementor-element-4ab41016 elementor-widget elementor-widget-text-editor\" data-id=\"4ab41016\" data-element_type=\"widget\" data-widget_type=\"text-editor.default\">\n\t\t\t\t<div class=\"elementor-widget-container\">\n\t\t\t\t\t\t\t\t\t\n<p><a href=\"https:\/\/www.youtube.com\/@observatoirelabs1588\"><\/a><\/p>\n\t\t\t\t\t\t\t\t<\/div>\n\t\t\t\t<\/div>\n\t\t\t\t\t<\/div>\n\t\t<\/div>\n\t\t\t\t\t<\/div>\n\t\t<\/section>\n\t\t\t\t<section class=\"elementor-section elementor-top-section elementor-element elementor-element-1ab47149 elementor-section-boxed elementor-section-height-default elementor-section-height-default\" data-id=\"1ab47149\" data-element_type=\"section\">\n\t\t\t\t\t\t<div class=\"elementor-container elementor-column-gap-default\">\n\t\t\t\t\t<div class=\"elementor-column elementor-col-100 elementor-top-column elementor-element elementor-element-2ba59506\" data-id=\"2ba59506\" data-element_type=\"column\">\n\t\t\t<div class=\"elementor-widget-wrap elementor-element-populated\">\n\t\t\t\t\t\t<div class=\"elementor-element elementor-element-4edcf6f9 elementor-widget elementor-widget-heading\" data-id=\"4edcf6f9\" data-element_type=\"widget\" data-widget_type=\"heading.default\">\n\t\t\t\t<div class=\"elementor-widget-container\">\n\t\t\t\t\t<h4 class=\"elementor-heading-title elementor-size-default\">Le lab pour trouver des solutions \u00e0 des probl\u00e9matiques complexes, gr\u00e2ce \u00e0 la facilitation<\/h4>\t\t\t\t<\/div>\n\t\t\t\t<\/div>\n\t\t\t\t\t<\/div>\n\t\t<\/div>\n\t\t\t\t\t<\/div>\n\t\t<\/section>\n\t\t\t\t<section class=\"elementor-section elementor-top-section elementor-element elementor-element-cfe3153 elementor-section-boxed elementor-section-height-default elementor-section-height-default\" data-id=\"cfe3153\" data-element_type=\"section\">\n\t\t\t\t\t\t<div class=\"elementor-container elementor-column-gap-default\">\n\t\t\t\t\t<div class=\"elementor-column elementor-col-100 elementor-top-column elementor-element elementor-element-d92af24\" data-id=\"d92af24\" data-element_type=\"column\">\n\t\t\t<div class=\"elementor-widget-wrap elementor-element-populated\">\n\t\t\t\t\t\t<div class=\"elementor-element elementor-element-3289dd1 elementor-widget elementor-widget-video\" data-id=\"3289dd1\" data-element_type=\"widget\" data-settings=\"{&quot;youtube_url&quot;:&quot;https:\\\/\\\/www.youtube.com\\\/watch?v=G85DMRpRLf0&quot;,&quot;video_type&quot;:&quot;youtube&quot;,&quot;controls&quot;:&quot;yes&quot;}\" data-widget_type=\"video.default\">\n\t\t\t\t<div class=\"elementor-widget-container\">\n\t\t\t\t\t\t\t<div class=\"elementor-wrapper elementor-open-inline\">\n\t\t\t<div class=\"elementor-video\"><\/div>\t\t<\/div>\n\t\t\t\t\t\t<\/div>\n\t\t\t\t<\/div>\n\t\t\t\t\t<\/div>\n\t\t<\/div>\n\t\t\t\t\t<\/div>\n\t\t<\/section>\n\t\t\t\t<section class=\"elementor-section elementor-top-section elementor-element elementor-element-1a1419b elementor-section-boxed elementor-section-height-default elementor-section-height-default\" data-id=\"1a1419b\" data-element_type=\"section\">\n\t\t\t\t\t\t<div class=\"elementor-container elementor-column-gap-default\">\n\t\t\t\t\t<div class=\"elementor-column elementor-col-100 elementor-top-column elementor-element elementor-element-ef9f940\" data-id=\"ef9f940\" data-element_type=\"column\">\n\t\t\t<div class=\"elementor-widget-wrap elementor-element-populated\">\n\t\t\t\t\t\t<div class=\"elementor-element elementor-element-2944ba6 elementor-widget elementor-widget-text-editor\" data-id=\"2944ba6\" data-element_type=\"widget\" data-widget_type=\"text-editor.default\">\n\t\t\t\t<div class=\"elementor-widget-container\">\n\t\t\t\t\t\t\t\t\t<p><a href=\"https:\/\/www.youtube.com\/@observatoirelabs1588\" target=\"_blank\" rel=\"noopener\">Toutes les vid\u00e9os sont disponibles sur notre cha\u00eene YouTube<\/a><\/p>\t\t\t\t\t\t\t\t<\/div>\n\t\t\t\t<\/div>\n\t\t\t\t<div class=\"elementor-element elementor-element-4026331 elementor-widget elementor-widget-text-editor\" data-id=\"4026331\" data-element_type=\"widget\" data-widget_type=\"text-editor.default\">\n\t\t\t\t<div class=\"elementor-widget-container\">\n\t\t\t\t\t\t\t\t\t<p>Interview de Lydie Faucouit, DRH de Valeo Cergy et Cr\u00e9teil, dans le cadre du programme de recherche \u00ab Observatoire des Labs d\u2019Innovation \u00bb (CNAM \/ Codesign-it!) : le cas du Carlab de Valeo<\/p>\t\t\t\t\t\t\t\t<\/div>\n\t\t\t\t<\/div>\n\t\t\t\t\t<\/div>\n\t\t<\/div>\n\t\t\t\t\t<\/div>\n\t\t<\/section>\n\t\t\t\t<\/div>\n\t\t","protected":false},"excerpt":{"rendered":"<p>Le lab pour trouver des solutions \u00e0 des probl\u00e9matiques complexes, gr\u00e2ce \u00e0 la facilitation https:\/\/www.youtube.com\/watch?v=G85DMRpRLf0 Toutes les vid\u00e9os sont disponibles sur notre cha\u00eene YouTube Interview de Lydie Faucouit, DRH de Valeo Cergy et Cr\u00e9teil, dans le cadre du programme de recherche \u00ab Observatoire des Labs d\u2019Innovation \u00bb (CNAM \/ Codesign-it!) : le cas du Carlab de Valeo<\/p>\n","protected":false},"author":5,"featured_media":0,"parent":494,"menu_order":0,"comment_status":"closed","ping_status":"closed","template":"","meta":{"colormag_page_container_layout":"no_sidebar_full_width","colormag_page_sidebar_layout":"no_sidebar","footnotes":""},"class_list":["post-1926","page","type-page","status-publish","hentry"],"_links":{"self":[{"href":"https:\/\/observatoiredeslabs.ricod.net\/index.php\/wp-json\/wp\/v2\/pages\/1926","targetHints":{"allow":["GET"]}}],"collection":[{"href":"https:\/\/observatoiredeslabs.ricod.net\/index.php\/wp-json\/wp\/v2\/pages"}],"about":[{"href":"https:\/\/observatoiredeslabs.ricod.net\/index.php\/wp-json\/wp\/v2\/types\/page"}],"author":[{"embeddable":true,"href":"https:\/\/observatoiredeslabs.ricod.net\/index.php\/wp-json\/wp\/v2\/users\/5"}],"replies":[{"embeddable":true,"href":"https:\/\/observatoiredeslabs.ricod.net\/index.php\/wp-json\/wp\/v2\/comments?post=1926"}],"version-history":[{"count":16,"href":"https:\/\/observatoiredeslabs.ricod.net\/index.php\/wp-json\/wp\/v2\/pages\/1926\/revisions"}],"predecessor-version":[{"id":1947,"href":"https:\/\/observatoiredeslabs.ricod.net\/index.php\/wp-json\/wp\/v2\/pages\/1926\/revisions\/1947"}],"up":[{"embeddable":true,"href":"https:\/\/observatoiredeslabs.ricod.net\/index.php\/wp-json\/wp\/v2\/pages\/494"}],"wp:attachment":[{"href":"https:\/\/observatoiredeslabs.ricod.net\/index.php\/wp-json\/wp\/v2\/media?parent=1926"}],"curies":[{"name":"wp","href":"https:\/\/api.w.org\/{rel}","templated":true}]}}