{"id":2499,"date":"2023-03-28T16:34:12","date_gmt":"2023-03-28T14:34:12","guid":{"rendered":"https:\/\/observatoiredeslabs.ricod.net\/?page_id=2499"},"modified":"2023-03-30T10:21:01","modified_gmt":"2023-03-30T08:21:01","slug":"le-labo-accompagnateur-de-la-dematerialisation-et-createur-de-valeur-ajoutee-pour-les-agents","status":"publish","type":"page","link":"https:\/\/observatoiredeslabs.ricod.net\/index.php\/le-labo-accompagnateur-de-la-dematerialisation-et-createur-de-valeur-ajoutee-pour-les-agents\/","title":{"rendered":"LE LAB\u2019O, ACCOMPAGNATEUR DE LA D\u00c9MAT\u00c9RIALISATION ET CR\u00c9ATEUR DE VALEUR AJOUT\u00c9E POUR LES AGENTS"},"content":{"rendered":"\t\t<div data-elementor-type=\"wp-page\" data-elementor-id=\"2499\" class=\"elementor elementor-2499\">\n\t\t\t\t\t\t<section class=\"elementor-section elementor-top-section elementor-element elementor-element-735fad2 elementor-section-boxed elementor-section-height-default elementor-section-height-default\" data-id=\"735fad2\" data-element_type=\"section\">\n\t\t\t\t\t\t<div class=\"elementor-container elementor-column-gap-default\">\n\t\t\t\t\t<div class=\"elementor-column elementor-col-100 elementor-top-column elementor-element elementor-element-ba3505f\" data-id=\"ba3505f\" data-element_type=\"column\">\n\t\t\t<div class=\"elementor-widget-wrap elementor-element-populated\">\n\t\t\t\t\t\t<div class=\"elementor-element elementor-element-2188f6e elementor-widget elementor-widget-heading\" data-id=\"2188f6e\" data-element_type=\"widget\" data-widget_type=\"heading.default\">\n\t\t\t\t<div class=\"elementor-widget-container\">\n\t\t\t\t\t<h2 class=\"elementor-heading-title elementor-size-default\">LE LAB\u2019O, ACCOMPAGNATEUR DE LA D\u00c9MAT\u00c9RIALISATION <div> ET CR\u00c9ATEUR DE VALEUR AJOUT\u00c9E POUR LES AGENTS<\/h2>\t\t\t\t<\/div>\n\t\t\t\t<\/div>\n\t\t\t\t\t<\/div>\n\t\t<\/div>\n\t\t\t\t\t<\/div>\n\t\t<\/section>\n\t\t\t\t<section class=\"elementor-section elementor-top-section elementor-element elementor-element-f7a174d elementor-section-boxed elementor-section-height-default elementor-section-height-default\" data-id=\"f7a174d\" data-element_type=\"section\">\n\t\t\t\t\t\t<div class=\"elementor-container elementor-column-gap-default\">\n\t\t\t\t\t<div class=\"elementor-column elementor-col-100 elementor-top-column elementor-element elementor-element-e212e66\" data-id=\"e212e66\" data-element_type=\"column\">\n\t\t\t<div class=\"elementor-widget-wrap elementor-element-populated\">\n\t\t\t\t\t\t<div class=\"elementor-element elementor-element-5b35ecf elementor-widget elementor-widget-video\" data-id=\"5b35ecf\" data-element_type=\"widget\" data-settings=\"{&quot;youtube_url&quot;:&quot;https:\\\/\\\/www.youtube.com\\\/watch?v=RdFHXx4-sx4&quot;,&quot;video_type&quot;:&quot;youtube&quot;,&quot;controls&quot;:&quot;yes&quot;}\" data-widget_type=\"video.default\">\n\t\t\t\t<div class=\"elementor-widget-container\">\n\t\t\t\t\t\t\t<div class=\"elementor-wrapper elementor-open-inline\">\n\t\t\t<div class=\"elementor-video\"><\/div>\t\t<\/div>\n\t\t\t\t\t\t<\/div>\n\t\t\t\t<\/div>\n\t\t\t\t\t<\/div>\n\t\t<\/div>\n\t\t\t\t\t<\/div>\n\t\t<\/section>\n\t\t\t\t<section class=\"elementor-section elementor-top-section elementor-element elementor-element-d9ba60f elementor-section-boxed elementor-section-height-default elementor-section-height-default\" data-id=\"d9ba60f\" data-element_type=\"section\">\n\t\t\t\t\t\t<div class=\"elementor-container elementor-column-gap-default\">\n\t\t\t\t\t<div class=\"elementor-column elementor-col-100 elementor-top-column elementor-element elementor-element-01319b0\" data-id=\"01319b0\" data-element_type=\"column\">\n\t\t\t<div class=\"elementor-widget-wrap elementor-element-populated\">\n\t\t\t\t\t\t<div class=\"elementor-element elementor-element-ec24ad7 elementor-widget elementor-widget-text-editor\" data-id=\"ec24ad7\" data-element_type=\"widget\" data-widget_type=\"text-editor.default\">\n\t\t\t\t<div class=\"elementor-widget-container\">\n\t\t\t\t\t\t\t\t\t<p><a href=\"https:\/\/www.youtube.com\/@observatoirelabs1588\" target=\"_blank\" rel=\"noopener\">Toutes les vid\u00e9os sont disponibles sur notre cha\u00eene YouTube<\/a><\/p>\t\t\t\t\t\t\t\t<\/div>\n\t\t\t\t<\/div>\n\t\t\t\t\t<\/div>\n\t\t<\/div>\n\t\t\t\t\t<\/div>\n\t\t<\/section>\n\t\t\t\t<section class=\"elementor-section elementor-top-section elementor-element elementor-element-50dd9c4 elementor-section-boxed elementor-section-height-default elementor-section-height-default\" data-id=\"50dd9c4\" data-element_type=\"section\">\n\t\t\t\t\t\t<div class=\"elementor-container elementor-column-gap-default\">\n\t\t\t\t\t<div class=\"elementor-column elementor-col-100 elementor-top-column elementor-element elementor-element-f115aba\" data-id=\"f115aba\" data-element_type=\"column\">\n\t\t\t<div class=\"elementor-widget-wrap elementor-element-populated\">\n\t\t\t\t\t\t<div class=\"elementor-element elementor-element-8d01b5f elementor-widget elementor-widget-text-editor\" data-id=\"8d01b5f\" data-element_type=\"widget\" data-widget_type=\"text-editor.default\">\n\t\t\t\t<div class=\"elementor-widget-container\">\n\t\t\t\t\t\t\t\t\t<p>Interview de C\u00e9cile Louvet, responsable des relations avec les collectivit\u00e9s, dans le cadre du programme de recherche \u00ab Observatoire des Labs d\u2019Innovation \u00bb (CNAM \/ Codesign-it!) : le cas du Lab\u2019O.<\/p>\t\t\t\t\t\t\t\t<\/div>\n\t\t\t\t<\/div>\n\t\t\t\t\t<\/div>\n\t\t<\/div>\n\t\t\t\t\t<\/div>\n\t\t<\/section>\n\t\t\t\t<\/div>\n\t\t","protected":false},"excerpt":{"rendered":"<p>LE LAB\u2019O, ACCOMPAGNATEUR DE LA D\u00c9MAT\u00c9RIALISATION ET CR\u00c9ATEUR DE VALEUR AJOUT\u00c9E POUR LES AGENTS https:\/\/www.youtube.com\/watch?v=RdFHXx4-sx4 Toutes les vid\u00e9os sont disponibles sur notre cha\u00eene YouTube Interview de C\u00e9cile Louvet, responsable des relations avec les collectivit\u00e9s, dans le cadre du programme de recherche \u00ab Observatoire des Labs d\u2019Innovation \u00bb (CNAM \/ Codesign-it!) : le cas du Lab\u2019O.<\/p>\n","protected":false},"author":5,"featured_media":0,"parent":0,"menu_order":0,"comment_status":"closed","ping_status":"closed","template":"","meta":{"colormag_page_container_layout":"no_sidebar_full_width","colormag_page_sidebar_layout":"no_sidebar","footnotes":""},"class_list":["post-2499","page","type-page","status-publish","hentry"],"_links":{"self":[{"href":"https:\/\/observatoiredeslabs.ricod.net\/index.php\/wp-json\/wp\/v2\/pages\/2499","targetHints":{"allow":["GET"]}}],"collection":[{"href":"https:\/\/observatoiredeslabs.ricod.net\/index.php\/wp-json\/wp\/v2\/pages"}],"about":[{"href":"https:\/\/observatoiredeslabs.ricod.net\/index.php\/wp-json\/wp\/v2\/types\/page"}],"author":[{"embeddable":true,"href":"https:\/\/observatoiredeslabs.ricod.net\/index.php\/wp-json\/wp\/v2\/users\/5"}],"replies":[{"embeddable":true,"href":"https:\/\/observatoiredeslabs.ricod.net\/index.php\/wp-json\/wp\/v2\/comments?post=2499"}],"version-history":[{"count":7,"href":"https:\/\/observatoiredeslabs.ricod.net\/index.php\/wp-json\/wp\/v2\/pages\/2499\/revisions"}],"predecessor-version":[{"id":2833,"href":"https:\/\/observatoiredeslabs.ricod.net\/index.php\/wp-json\/wp\/v2\/pages\/2499\/revisions\/2833"}],"wp:attachment":[{"href":"https:\/\/observatoiredeslabs.ricod.net\/index.php\/wp-json\/wp\/v2\/media?parent=2499"}],"curies":[{"name":"wp","href":"https:\/\/api.w.org\/{rel}","templated":true}]}}